{"id":670,"date":"2024-12-17T18:44:41","date_gmt":"2024-12-17T17:44:41","guid":{"rendered":"https:\/\/lotse-berlin.de\/?page_id=670"},"modified":"2025-01-28T20:00:09","modified_gmt":"2025-01-28T19:00:09","slug":"weitere-hilfe-stellen","status":"publish","type":"page","link":"https:\/\/lotse-berlin.de\/de-ls\/weitere-hilfe-stellen\/","title":{"rendered":"Weitere Hilfe-Stellen"},"content":{"rendered":"\t\t<div data-elementor-type=\"wp-page\" data-elementor-id=\"670\" class=\"elementor elementor-670 elementor-131\" data-elementor-post-type=\"page\">\n\t\t\t\t<div class=\"elementor-element elementor-element-9edf6d1 e-con-full e-flex e-con e-child\" data-id=\"9edf6d1\" data-element_type=\"container\" data-e-type=\"container\">\n\t\t\t\t<div class=\"elementor-element elementor-element-b133b20 elementor-widget elementor-widget-heading\" data-id=\"b133b20\" data-element_type=\"widget\" data-e-type=\"widget\" data-widget_type=\"heading.default\">\n\t\t\t\t<div class=\"elementor-widget-container\">\n\t\t\t\t\t<h1 class=\"elementor-heading-title elementor-size-default\">Weitere Anlaufstellen<\/h1>\t\t\t\t<\/div>\n\t\t\t\t<\/div>\n\t\t<div class=\"elementor-element elementor-element-9f8fac0 e-con-full e-flex e-con e-child\" data-id=\"9f8fac0\" data-element_type=\"container\" data-e-type=\"container\">\n\t\t\t\t<div class=\"elementor-element elementor-element-a1f3fdf elementor-widget elementor-widget-image\" data-id=\"a1f3fdf\" data-element_type=\"widget\" data-e-type=\"widget\" data-widget_type=\"image.default\">\n\t\t\t\t<div class=\"elementor-widget-container\">\n\t\t\t\t\t\t\t\t\t\t\t\t\t\t\t<img decoding=\"async\" width=\"300\" height=\"59\" src=\"https:\/\/lotse-berlin.de\/wp-content\/uploads\/2024\/12\/20150325-mobidat-www-logo-300x59.png\" class=\"attachment-medium size-medium wp-image-554\" alt=\"\" srcset=\"https:\/\/lotse-berlin.de\/wp-content\/uploads\/2024\/12\/20150325-mobidat-www-logo-300x59.png 300w, https:\/\/lotse-berlin.de\/wp-content\/uploads\/2024\/12\/20150325-mobidat-www-logo.png 343w\" sizes=\"(max-width: 300px) 100vw, 300px\" \/>\t\t\t\t\t\t\t\t\t\t\t\t\t\t\t<\/div>\n\t\t\t\t<\/div>\n\t\t<div class=\"elementor-element elementor-element-48a8c92 e-con-full e-flex e-con e-child\" data-id=\"48a8c92\" data-element_type=\"container\" data-e-type=\"container\" data-settings=\"{&quot;background_background&quot;:&quot;classic&quot;}\">\n\t\t\t\t<div class=\"elementor-element elementor-element-e893542 elementor-widget elementor-widget-heading\" data-id=\"e893542\" data-element_type=\"widget\" data-e-type=\"widget\" data-widget_type=\"heading.default\">\n\t\t\t\t<div class=\"elementor-widget-container\">\n\t\t\t\t\t<h2 class=\"elementor-heading-title elementor-size-default\">Projekt \"Mobidat\"<\/h2>\t\t\t\t<\/div>\n\t\t\t\t<\/div>\n\t\t\t\t<div class=\"elementor-element elementor-element-4fea1e4 elementor-widget elementor-widget-text-editor\" data-id=\"4fea1e4\" data-element_type=\"widget\" data-e-type=\"widget\" data-widget_type=\"text-editor.default\">\n\t\t\t\t<div class=\"elementor-widget-container\">\n\t\t\t\t\t\t\t\t\t<p>Das Projekt \u201eMobidat\u201c hilft Ihnen bei der Suche nach einem barrierefreien Wohn-Raum in Berlin.<\/p><p>Die Internet-Seite bietet eine gro\u00dfe Daten-Bank. Dort finden Sie Informationen zur Barriere-Freiheit<br \/>von \u00f6ffentlich zug\u00e4nglichen Einrichtungen in Berlin.<\/p><p>Die Internet-Seite informiert auch \u00fcber Veranstaltungen und Neuigkeiten f\u00fcr ein barrierefreies Leben in Berlin.<\/p><p>Mobidat ist t\u00e4glich von 08:00 bis 16:00 Uhr ge\u00f6ffnet.<\/p><p class=\"tiny_p\"><strong>Kontakt:<\/strong><\/p><p class=\"tiny_p\">Telefon: <br \/><a href=\"tel:+4930322940113\">030 &#8211; 32 29 40 113<\/a><\/p><p class=\"tiny_p\">E-Mail: <br \/><a href=\"mailto:kontakt@mobidat.net\">kontakt@mobidat.net<\/a><\/p><p class=\"tiny_p\">Nordbahnstr. 17<br \/>13359 Berlin<\/p>\t\t\t\t\t\t\t\t<\/div>\n\t\t\t\t<\/div>\n\t\t\t\t<\/div>\n\t\t\t\t<\/div>\n\t\t<div class=\"elementor-element elementor-element-c617aaa e-con-full e-flex e-con e-child\" data-id=\"c617aaa\" data-element_type=\"container\" data-e-type=\"container\">\n\t\t\t\t<div class=\"elementor-element elementor-element-79906fc elementor-widget elementor-widget-image\" data-id=\"79906fc\" data-element_type=\"widget\" data-e-type=\"widget\" data-widget_type=\"image.default\">\n\t\t\t\t<div class=\"elementor-widget-container\">\n\t\t\t\t\t\t\t\t\t\t\t\t\t\t\t<img decoding=\"async\" width=\"300\" height=\"63\" src=\"https:\/\/lotse-berlin.de\/wp-content\/uploads\/2024\/12\/logo-gemeinsam-wohnen-berlin-ev-300x63.jpg\" class=\"attachment-medium size-medium wp-image-558\" alt=\"\" srcset=\"https:\/\/lotse-berlin.de\/wp-content\/uploads\/2024\/12\/logo-gemeinsam-wohnen-berlin-ev-300x63.jpg 300w, https:\/\/lotse-berlin.de\/wp-content\/uploads\/2024\/12\/logo-gemeinsam-wohnen-berlin-ev-1024x215.jpg 1024w, https:\/\/lotse-berlin.de\/wp-content\/uploads\/2024\/12\/logo-gemeinsam-wohnen-berlin-ev-768x162.jpg 768w, https:\/\/lotse-berlin.de\/wp-content\/uploads\/2024\/12\/logo-gemeinsam-wohnen-berlin-ev-1536x323.jpg 1536w, https:\/\/lotse-berlin.de\/wp-content\/uploads\/2024\/12\/logo-gemeinsam-wohnen-berlin-ev.jpg 1920w\" sizes=\"(max-width: 300px) 100vw, 300px\" \/>\t\t\t\t\t\t\t\t\t\t\t\t\t\t\t<\/div>\n\t\t\t\t<\/div>\n\t\t<div class=\"elementor-element elementor-element-454121d e-con-full e-flex e-con e-child\" data-id=\"454121d\" data-element_type=\"container\" data-e-type=\"container\" data-settings=\"{&quot;background_background&quot;:&quot;classic&quot;}\">\n\t\t\t\t<div class=\"elementor-element elementor-element-b6c6964 elementor-widget elementor-widget-heading\" data-id=\"b6c6964\" data-element_type=\"widget\" data-e-type=\"widget\" data-widget_type=\"heading.default\">\n\t\t\t\t<div class=\"elementor-widget-container\">\n\t\t\t\t\t<h2 class=\"elementor-heading-title elementor-size-default\">Stammtisch f\u00fcr inklusives Wohnen<\/h2>\t\t\t\t<\/div>\n\t\t\t\t<\/div>\n\t\t\t\t<div class=\"elementor-element elementor-element-78e04d3 elementor-widget elementor-widget-text-editor\" data-id=\"78e04d3\" data-element_type=\"widget\" data-e-type=\"widget\" data-widget_type=\"text-editor.default\">\n\t\t\t\t<div class=\"elementor-widget-container\">\n\t\t\t\t\t\t\t\t\t<p>Der Stammtisch ist f\u00fcr alle Menschen, die sich f\u00fcr inklusives Wohnen in Berlin interessieren.<\/p><p>Der Stammtisch findet meistens online statt, jeden zweiten Donnerstag im Monat<br \/>von 18:30 bis 20:00 Uhr.<\/p><p><strong>Kontakt:<br \/><\/strong>Ansprech-Person: Katja Sengelmann<\/p><p>E-Mail: <br \/><a href=\"mailto:info@stammtisch-wohnen.de\">info@stammtisch-wohnen.de<\/a><\/p><p>Internet: <br \/><a href=\"https:\/\/stammtisch-wohnen.de\/\">stammtisch-wohnen.de<\/a><\/p>\t\t\t\t\t\t\t\t<\/div>\n\t\t\t\t<\/div>\n\t\t\t\t<\/div>\n\t\t\t\t<\/div>\n\t\t<div class=\"elementor-element elementor-element-29fa9e9 e-con-full e-flex e-con e-child\" data-id=\"29fa9e9\" data-element_type=\"container\" data-e-type=\"container\">\n\t\t\t\t<div class=\"elementor-element elementor-element-2fcc327 elementor-widget elementor-widget-image\" data-id=\"2fcc327\" data-element_type=\"widget\" data-e-type=\"widget\" data-widget_type=\"image.default\">\n\t\t\t\t<div class=\"elementor-widget-container\">\n\t\t\t\t\t\t\t\t\t\t\t\t\t\t\t<img decoding=\"async\" width=\"300\" height=\"123\" src=\"https:\/\/lotse-berlin.de\/wp-content\/uploads\/2024\/12\/eutb-logo-mit-unterzeile-300x123.jpg\" class=\"attachment-medium size-medium wp-image-555\" alt=\"\" srcset=\"https:\/\/lotse-berlin.de\/wp-content\/uploads\/2024\/12\/eutb-logo-mit-unterzeile-300x123.jpg 300w, https:\/\/lotse-berlin.de\/wp-content\/uploads\/2024\/12\/eutb-logo-mit-unterzeile-1024x419.jpg 1024w, https:\/\/lotse-berlin.de\/wp-content\/uploads\/2024\/12\/eutb-logo-mit-unterzeile-768x314.jpg 768w, https:\/\/lotse-berlin.de\/wp-content\/uploads\/2024\/12\/eutb-logo-mit-unterzeile-1536x629.jpg 1536w, https:\/\/lotse-berlin.de\/wp-content\/uploads\/2024\/12\/eutb-logo-mit-unterzeile.jpg 1920w\" sizes=\"(max-width: 300px) 100vw, 300px\" \/>\t\t\t\t\t\t\t\t\t\t\t\t\t\t\t<\/div>\n\t\t\t\t<\/div>\n\t\t<div class=\"elementor-element elementor-element-de861db e-con-full e-flex e-con e-child\" data-id=\"de861db\" data-element_type=\"container\" data-e-type=\"container\" data-settings=\"{&quot;background_background&quot;:&quot;classic&quot;}\">\n\t\t\t\t<div class=\"elementor-element elementor-element-5c070b1 elementor-widget elementor-widget-text-editor\" data-id=\"5c070b1\" data-element_type=\"widget\" data-e-type=\"widget\" data-widget_type=\"text-editor.default\">\n\t\t\t\t<div class=\"elementor-widget-container\">\n\t\t\t\t\t\t\t\t\t<p>Die Erg\u00e4nzende unabh\u00e4ngige Teilhabe-Beratung (EUTB\u00ae) unterst\u00fctzt Sie bei allen Fragen zu Leistungen der Teilhabe und Eingliederung.<\/p><p><strong>Kontakt:<\/strong><\/p><p>Allgemeine Informationen:\u00a0<br \/><a href=\"https:\/\/www.teilhabeberatung.de\/\">teilhabeberatung.de<\/a><\/p><p><strong>Beratungsstellen im Internet:<\/strong><\/p><p><a href=\"https:\/\/www.teilhabeberatung.de\/beratung\/beratungsangebote-der-eutb\">teilhabeberatung.de\/beratung\/<br \/>beratungsangebote-der-eutb<\/a><\/p>\t\t\t\t\t\t\t\t<\/div>\n\t\t\t\t<\/div>\n\t\t\t\t<div class=\"elementor-element elementor-element-f5adf23 elementor-widget elementor-widget-heading\" data-id=\"f5adf23\" data-element_type=\"widget\" data-e-type=\"widget\" data-widget_type=\"heading.default\">\n\t\t\t\t<div class=\"elementor-widget-container\">\n\t\t\t\t\t<h2 class=\"elementor-heading-title elementor-size-default\">Erg\u00e4nzende unabh\u00e4ngige Teilhabe-Beratung<\/h2>\t\t\t\t<\/div>\n\t\t\t\t<\/div>\n\t\t\t\t<\/div>\n\t\t\t\t<\/div>\n\t\t<div class=\"elementor-element elementor-element-2d032c6 e-con-full e-flex e-con e-child\" data-id=\"2d032c6\" data-element_type=\"container\" data-e-type=\"container\">\n\t\t\t\t<div class=\"elementor-element elementor-element-05e3d07 elementor-widget elementor-widget-image\" data-id=\"05e3d07\" data-element_type=\"widget\" data-e-type=\"widget\" data-widget_type=\"image.default\">\n\t\t\t\t<div class=\"elementor-widget-container\">\n\t\t\t\t\t\t\t\t\t\t\t\t\t\t\t<img loading=\"lazy\" decoding=\"async\" width=\"300\" height=\"76\" src=\"https:\/\/lotse-berlin.de\/wp-content\/uploads\/2024\/12\/logo-psp-300x76.jpg\" class=\"attachment-medium size-medium wp-image-560\" alt=\"\" srcset=\"https:\/\/lotse-berlin.de\/wp-content\/uploads\/2024\/12\/logo-psp-300x76.jpg 300w, https:\/\/lotse-berlin.de\/wp-content\/uploads\/2024\/12\/logo-psp-1024x259.jpg 1024w, https:\/\/lotse-berlin.de\/wp-content\/uploads\/2024\/12\/logo-psp-768x194.jpg 768w, https:\/\/lotse-berlin.de\/wp-content\/uploads\/2024\/12\/logo-psp-1536x389.jpg 1536w, https:\/\/lotse-berlin.de\/wp-content\/uploads\/2024\/12\/logo-psp.jpg 1920w\" sizes=\"(max-width: 300px) 100vw, 300px\" \/>\t\t\t\t\t\t\t\t\t\t\t\t\t\t\t<\/div>\n\t\t\t\t<\/div>\n\t\t<div class=\"elementor-element elementor-element-94eee48 e-con-full e-flex e-con e-child\" data-id=\"94eee48\" data-element_type=\"container\" data-e-type=\"container\" data-settings=\"{&quot;background_background&quot;:&quot;classic&quot;}\">\n\t\t\t\t<div class=\"elementor-element elementor-element-4fb2238 elementor-widget elementor-widget-heading\" data-id=\"4fb2238\" data-element_type=\"widget\" data-e-type=\"widget\" data-widget_type=\"heading.default\">\n\t\t\t\t<div class=\"elementor-widget-container\">\n\t\t\t\t\t<h2 class=\"elementor-heading-title elementor-size-default\">Pflegest\u00fctzpunkte Berlin, Beratung<\/h2>\t\t\t\t<\/div>\n\t\t\t\t<\/div>\n\t\t\t\t<div class=\"elementor-element elementor-element-f7a36d3 elementor-widget elementor-widget-text-editor\" data-id=\"f7a36d3\" data-element_type=\"widget\" data-e-type=\"widget\" data-widget_type=\"text-editor.default\">\n\t\t\t\t<div class=\"elementor-widget-container\">\n\t\t\t\t\t\t\t\t\t<p>Die Berliner Pflege-St\u00fctzpunkte beraten Sie kostenfrei und unabh\u00e4ngig zum Thema \u201ePflege\u201c.<\/p><p>In jedem Bezirk gibt es 3 Pflege-St\u00fctzpunkte.<\/p><p><strong>Kontakt:<\/strong><\/p><p>Telefon:<\/p><p><a href=\"tel:+498005950059\">0800 &#8211; 59 500 59<\/a><\/p><p>Internet:<br \/><a href=\"https:\/\/www.pflegestuetzpunkteberlin.de\/\">pflegestuetzpunkteberlin.de<\/a><\/p><p>Beratung: <br \/><a href=\"https:\/\/direkt.pflegestuetzpunkteberlin.de\">direkt.pflegestuetzpunkteberlin.de<\/a><\/p>\t\t\t\t\t\t\t\t<\/div>\n\t\t\t\t<\/div>\n\t\t\t\t<\/div>\n\t\t\t\t<\/div>\n\t\t<div class=\"elementor-element elementor-element-6a6bc87 e-con-full e-flex e-con e-child\" data-id=\"6a6bc87\" data-element_type=\"container\" data-e-type=\"container\">\n\t\t\t\t<div class=\"elementor-element elementor-element-6573fb3 elementor-widget elementor-widget-image\" data-id=\"6573fb3\" data-element_type=\"widget\" data-e-type=\"widget\" data-widget_type=\"image.default\">\n\t\t\t\t<div class=\"elementor-widget-container\">\n\t\t\t\t\t\t\t\t\t\t\t\t\t\t\t<img loading=\"lazy\" decoding=\"async\" width=\"300\" height=\"117\" src=\"https:\/\/lotse-berlin.de\/wp-content\/uploads\/2024\/12\/logo-mimi-jpg-300x117.jpg\" class=\"attachment-medium size-medium wp-image-559\" alt=\"\" srcset=\"https:\/\/lotse-berlin.de\/wp-content\/uploads\/2024\/12\/logo-mimi-jpg-300x117.jpg 300w, https:\/\/lotse-berlin.de\/wp-content\/uploads\/2024\/12\/logo-mimi-jpg-1024x401.jpg 1024w, https:\/\/lotse-berlin.de\/wp-content\/uploads\/2024\/12\/logo-mimi-jpg-768x301.jpg 768w, https:\/\/lotse-berlin.de\/wp-content\/uploads\/2024\/12\/logo-mimi-jpg.jpg 1359w\" sizes=\"(max-width: 300px) 100vw, 300px\" \/>\t\t\t\t\t\t\t\t\t\t\t\t\t\t\t<\/div>\n\t\t\t\t<\/div>\n\t\t<div class=\"elementor-element elementor-element-3e61c7c e-con-full e-flex e-con e-child\" data-id=\"3e61c7c\" data-element_type=\"container\" data-e-type=\"container\" data-settings=\"{&quot;background_background&quot;:&quot;classic&quot;}\">\n\t\t\t\t<div class=\"elementor-element elementor-element-bda65c0 elementor-widget elementor-widget-heading\" data-id=\"bda65c0\" data-element_type=\"widget\" data-e-type=\"widget\" data-widget_type=\"heading.default\">\n\t\t\t\t<div class=\"elementor-widget-container\">\n\t\t\t\t\t<h2 class=\"elementor-heading-title elementor-size-default\">Projekt \u201eMensch im Mittelpunkt\u201c<\/h2>\t\t\t\t<\/div>\n\t\t\t\t<\/div>\n\t\t\t\t<div class=\"elementor-element elementor-element-9f973ca elementor-widget elementor-widget-text-editor\" data-id=\"9f973ca\" data-element_type=\"widget\" data-e-type=\"widget\" data-widget_type=\"text-editor.default\">\n\t\t\t\t<div class=\"elementor-widget-container\">\n\t\t\t\t\t\t\t\t\t<p>Das Projekt \u201eMensch im Mittelpunkt\u201c informiert<br \/>Menschen mit geistigen Behinderungen<br \/>zum Thema \u201eBundes-Teilhabe-Gesetz\u201c.<br \/>Die Berater*innen haben teilweise auch eine Behinderung.<\/p><p><strong>Kontakt<br \/><\/strong>Ansprech-Personen: <br \/>Daria Meinhardt und Nadine Klage<\/p><p>Telefon: <br \/><a href=\"tel:+4930829998611\">030 &#8211; 82 99 98-611<\/a><\/p><p>E-Mail:<br \/><a href=\"mailto:wegweiser@lebenshilfe-berlin.de\">wegweiser@lebenshilfe-berlin.de<\/a><\/p><p>Adresse: <br \/>Heinrich Heine Str. 15<br \/>10179 Berlin<\/p>\t\t\t\t\t\t\t\t<\/div>\n\t\t\t\t<\/div>\n\t\t\t\t<\/div>\n\t\t\t\t<\/div>\n\t\t<div class=\"elementor-element elementor-element-0cd0ccf e-con-full e-flex e-con e-child\" data-id=\"0cd0ccf\" data-element_type=\"container\" data-e-type=\"container\">\n\t\t\t\t<div class=\"elementor-element elementor-element-696c614 elementor-widget elementor-widget-image\" data-id=\"696c614\" data-element_type=\"widget\" data-e-type=\"widget\" data-widget_type=\"image.default\">\n\t\t\t\t<div class=\"elementor-widget-container\">\n\t\t\t\t\t\t\t\t\t\t\t\t\t\t\t<img loading=\"lazy\" decoding=\"async\" width=\"300\" height=\"222\" src=\"https:\/\/lotse-berlin.de\/wp-content\/uploads\/2024\/12\/illu-logo-thfd-300x222.jpg\" class=\"attachment-medium size-medium wp-image-557\" alt=\"\" srcset=\"https:\/\/lotse-berlin.de\/wp-content\/uploads\/2024\/12\/illu-logo-thfd-300x222.jpg 300w, https:\/\/lotse-berlin.de\/wp-content\/uploads\/2024\/12\/illu-logo-thfd.jpg 385w\" sizes=\"(max-width: 300px) 100vw, 300px\" \/>\t\t\t\t\t\t\t\t\t\t\t\t\t\t\t<\/div>\n\t\t\t\t<\/div>\n\t\t<div class=\"elementor-element elementor-element-ded770c e-con-full e-flex e-con e-child\" data-id=\"ded770c\" data-element_type=\"container\" data-e-type=\"container\" data-settings=\"{&quot;background_background&quot;:&quot;classic&quot;}\">\n\t\t\t\t<div class=\"elementor-element elementor-element-d69cc0d elementor-widget elementor-widget-heading\" data-id=\"d69cc0d\" data-element_type=\"widget\" data-e-type=\"widget\" data-widget_type=\"heading.default\">\n\t\t\t\t<div class=\"elementor-widget-container\">\n\t\t\t\t\t<h2 class=\"elementor-heading-title elementor-size-default\">Teilhabe Fach-Dienste<\/h2>\t\t\t\t<\/div>\n\t\t\t\t<\/div>\n\t\t\t\t<div class=\"elementor-element elementor-element-31e1c81 elementor-widget elementor-widget-text-editor\" data-id=\"31e1c81\" data-element_type=\"widget\" data-e-type=\"widget\" data-widget_type=\"text-editor.default\">\n\t\t\t\t<div class=\"elementor-widget-container\">\n\t\t\t\t\t\t\t\t\t<p>Die Teilhabe-Fach-Dienste in den Berliner Bezirken<br \/>sind zust\u00e4ndig f\u00fcr die Teilhabe-Leistungen.<\/p><p>Eine \u00dcbersicht der Teilhabe-Fach-Dienste finden Sie unter<br \/><a href=\"https:\/\/www.berlin.de\/sen\/soziales\/besondere-lebenssituationen\/menschen-mit-behinderung\/eingliederungshilfe-sgb-ix\/dokumente-und-links\/artikel.1139321.php\">www.berlin.de\/sen\/soziales\/<br \/>besondere-lebenssituationen\/<br \/>menschen-mit-behinderung\/<br \/>eingliederungshilfe&#8230;<\/a><\/p>\t\t\t\t\t\t\t\t<\/div>\n\t\t\t\t<\/div>\n\t\t\t\t<\/div>\n\t\t\t\t<\/div>\n\t\t\t\t<\/div>\n\t\t\t\t<\/div>\n\t\t","protected":false},"excerpt":{"rendered":"<p>Weitere Anlaufstellen Projekt &#8220;Mobidat&#8221; Das Projekt \u201eMobidat\u201c hilft Ihnen bei der Suche nach einem barrierefreien Wohn-Raum in Berlin. Die Internet-Seite bietet eine gro\u00dfe Daten-Bank. Dort finden Sie Informationen zur Barriere-Freiheitvon \u00f6ffentlich zug\u00e4nglichen Einrichtungen in Berlin. Die Internet-Seite informiert auch \u00fcber Veranstaltungen und Neuigkeiten f\u00fcr ein barrierefreies Leben in Berlin. Mobidat ist t\u00e4glich von 08:00 bis [&hellip;]<\/p>\n","protected":false},"author":10024,"featured_media":551,"parent":0,"menu_order":0,"comment_status":"closed","ping_status":"closed","template":"","meta":{"_acf_changed":false,"footnotes":""},"categories":[1],"tags":[],"class_list":["post-670","page","type-page","status-publish","has-post-thumbnail","hentry","category-layout_info"],"acf":[],"_links":{"self":[{"href":"https:\/\/lotse-berlin.de\/de-ls\/wp-json\/wp\/v2\/pages\/670","targetHints":{"allow":["GET"]}}],"collection":[{"href":"https:\/\/lotse-berlin.de\/de-ls\/wp-json\/wp\/v2\/pages"}],"about":[{"href":"https:\/\/lotse-berlin.de\/de-ls\/wp-json\/wp\/v2\/types\/page"}],"author":[{"embeddable":true,"href":"https:\/\/lotse-berlin.de\/de-ls\/wp-json\/wp\/v2\/users\/10024"}],"replies":[{"embeddable":true,"href":"https:\/\/lotse-berlin.de\/de-ls\/wp-json\/wp\/v2\/comments?post=670"}],"version-history":[{"count":0,"href":"https:\/\/lotse-berlin.de\/de-ls\/wp-json\/wp\/v2\/pages\/670\/revisions"}],"wp:featuredmedia":[{"embeddable":true,"href":"https:\/\/lotse-berlin.de\/de-ls\/wp-json\/wp\/v2\/media\/551"}],"wp:attachment":[{"href":"https:\/\/lotse-berlin.de\/de-ls\/wp-json\/wp\/v2\/media?parent=670"}],"wp:term":[{"taxonomy":"category","embeddable":true,"href":"https:\/\/lotse-berlin.de\/de-ls\/wp-json\/wp\/v2\/categories?post=670"},{"taxonomy":"post_tag","embeddable":true,"href":"https:\/\/lotse-berlin.de\/de-ls\/wp-json\/wp\/v2\/tags?post=670"}],"curies":[{"name":"wp","href":"https:\/\/api.w.org\/{rel}","templated":true}]}}