{"id":655,"date":"2024-12-17T18:40:16","date_gmt":"2024-12-17T17:40:16","guid":{"rendered":"https:\/\/lotse-berlin.de\/?page_id=655"},"modified":"2025-12-30T10:41:15","modified_gmt":"2025-12-30T09:41:15","slug":"impressum","status":"publish","type":"page","link":"https:\/\/lotse-berlin.de\/de-ls\/impressum\/","title":{"rendered":"Impressum"},"content":{"rendered":"\t\t<div data-elementor-type=\"wp-page\" data-elementor-id=\"655\" class=\"elementor elementor-655 elementor-121\" data-elementor-post-type=\"page\">\n\t\t\t\t<div class=\"elementor-element elementor-element-981dbfd e-flex e-con-boxed e-con e-parent\" data-id=\"981dbfd\" data-element_type=\"container\" data-e-type=\"container\">\n\t\t\t\t\t<div class=\"e-con-inner\">\n\t\t\t\t<div class=\"elementor-element elementor-element-a5f8bc1 elementor-widget elementor-widget-heading\" data-id=\"a5f8bc1\" data-element_type=\"widget\" data-e-type=\"widget\" data-widget_type=\"heading.default\">\n\t\t\t\t<div class=\"elementor-widget-container\">\n\t\t\t\t\t<h1 class=\"elementor-heading-title elementor-size-default\">Impressum <\/h1>\t\t\t\t<\/div>\n\t\t\t\t<\/div>\n\t\t<div class=\"elementor-element elementor-element-ce72b88 e-con-full e-flex e-con e-child\" data-id=\"ce72b88\" data-element_type=\"container\" data-e-type=\"container\" data-settings=\"{&quot;background_background&quot;:&quot;classic&quot;}\">\n\t\t\t\t<div class=\"elementor-element elementor-element-281a75f elementor-widget elementor-widget-text-editor\" data-id=\"281a75f\" data-element_type=\"widget\" data-e-type=\"widget\" data-widget_type=\"text-editor.default\">\n\t\t\t\t<div class=\"elementor-widget-container\">\n\t\t\t\t\t\t\t\t\t<p><strong>Hinweis: Dies<\/strong><strong>\u00a0ist keine Kontaktseite!<\/strong><\/p><p><strong>Unser Projekt wurde Ende 2025 beendet. <br \/>Wir bieten leider keine Beratung mehr an.\u00a0<\/strong><\/p><p><a title=\"PDF-Datei laden\" href=\"https:\/\/lotse-berlin.de\/wp-content\/uploads\/2025\/10\/Lotse-Berlin-Gemeinsame-Erklaerung-der-Projekttraeger.pdf\">Eine Erkl\u00e4rung gibt es hier<\/a>.<\/p>\t\t\t\t\t\t\t\t<\/div>\n\t\t\t\t<\/div>\n\t\t\t\t<\/div>\n\t\t\t\t<div class=\"elementor-element elementor-element-d4ab451 elementor-widget elementor-widget-text-editor\" data-id=\"d4ab451\" data-element_type=\"widget\" data-e-type=\"widget\" data-widget_type=\"text-editor.default\">\n\t\t\t\t<div class=\"elementor-widget-container\">\n\t\t\t\t\t\t\t\t\t<h2>Rechtliche Informationen<\/h2><p>Diese Website repr\u00e4sentiert das <a href=\"https:\/\/lotse-berlin.de\/das-projekt-lotse-berlin\/\">Projekt Lotse<\/a>, welches von folgenden Tr\u00e4gern umgesetzt wurde:<\/p>\t\t\t\t\t\t\t\t<\/div>\n\t\t\t\t<\/div>\n\t\t\t\t<div class=\"elementor-element elementor-element-d3d8e26 elementor-widget elementor-widget-text-editor\" data-id=\"d3d8e26\" data-element_type=\"widget\" data-e-type=\"widget\" data-widget_type=\"text-editor.default\">\n\t\t\t\t<div class=\"elementor-widget-container\">\n\t\t\t\t\t\t\t\t\t<h3>Herausgeber<\/h3><address><h4>aktion weitblick \u2013 betreutes wohnen \u2013 gGmbH<\/h4><p><strong>vertreten durch<\/strong><br \/>Gabriela B\u00e4umker<\/p><p>Markelstra\u00dfe 24a<br \/>12163 Berlin<\/p><p><strong>Kontakt<\/strong><\/p><p>Tel.: 030-700 96 23 0<br \/>Fax: 030-700 96 23 16<\/p><p><a href=\"mailto:post@aktion-weitblick.de\">post@aktion-weitblick.de<\/a><\/p><p><strong>Registereintrag<\/strong><\/p><p>Eintragung im Handelsregister.<br \/>Registergericht: Berlin Charlottenburg<br \/>Registernummer: HRB 586 36<\/p><p><strong>Umsatzsteuer-ID<\/strong><\/p><p>Umsatzsteuer-Identifikationsnummer gem\u00e4\u00df \u00a727 a Umsatzsteuergesetz:<br \/>DE 193569303<\/p><h4>F\u00fcrst Donnersmarck-Stiftung zu Berlin<\/h4><p>Dalandweg 19<br \/>12167 Berlin<\/p><p>Telefon: 030 769 700-0<br \/>Telefax: 030 769 700-30<br \/>E-Mail: post@fdst.de<br \/>Internet: www.fdst.de<\/p><p>Rechtsform:<br \/>Die F\u00fcrst Donnersmarck-Stiftung zu Berlin ist eine rechtsf\u00e4hige Stiftung des b\u00fcrgerlichen Rechts. Stiftungsaufsicht \u00fcber die rechtsf\u00e4higen Stiftungen des b\u00fcrgerlichen Rechts mit Sitz in Berlin f\u00fchrt die Senatsverwaltung f\u00fcr Justiz, Referat II D, Salzburger Stra\u00dfe 21-25, 10825 Berlin.<\/p><p>Vertretung:<br \/>Zur Erledigung der laufenden Gesch\u00e4fte vertretungsberechtigte Person:<br \/>Leopold von Bredow, Gesch\u00e4ftsf\u00fchrer<br \/>Telefon: 030 769 700-12<br \/>Telefax: 030 769 700-28<\/p><h4>Lebenshilfe gGmbH<\/h4><p>B\u00f6ttgerstra\u00dfe 21<br \/>13357 Berlin<\/p><p>Telefon 030. 82 99 98 10 00<br \/>lebenshilfe@lebenshilfe-berlin.de<\/p><p>Gesch\u00e4ftsf\u00fchrer:<br \/>Erik Friedrich<br \/>Falk Jarling<br \/>Johannes Lang<\/p><p>Registergericht: Amtsgericht Charlottenburg Registernummer: HRB 44109 B<\/p><\/address>\t\t\t\t\t\t\t\t<\/div>\n\t\t\t\t<\/div>\n\t\t\t\t<div class=\"elementor-element elementor-element-346399c elementor-widget-divider--view-line elementor-widget elementor-widget-divider\" data-id=\"346399c\" data-element_type=\"widget\" data-e-type=\"widget\" data-widget_type=\"divider.default\">\n\t\t\t\t<div class=\"elementor-widget-container\">\n\t\t\t\t\t\t\t<div class=\"elementor-divider\">\n\t\t\t<span class=\"elementor-divider-separator\">\n\t\t\t\t\t\t<\/span>\n\t\t<\/div>\n\t\t\t\t\t\t<\/div>\n\t\t\t\t<\/div>\n\t\t\t\t\t<\/div>\n\t\t\t\t<\/div>\n\t\t<div class=\"elementor-element elementor-element-91c5cd8 e-con-full e-flex e-con e-child\" data-id=\"91c5cd8\" data-element_type=\"container\" data-e-type=\"container\">\n\t\t\t\t<div class=\"elementor-element elementor-element-abb75e1 elementor-widget elementor-widget-text-editor\" data-id=\"abb75e1\" data-element_type=\"widget\" data-e-type=\"widget\" data-widget_type=\"text-editor.default\">\n\t\t\t\t<div class=\"elementor-widget-container\">\n\t\t\t\t\t\t\t\t\t<p>Website Administration:<br \/><a style=\"color: inherit; text-decoration: none;\" title=\"WordPress-Wartung und WordPress-Hosting\" href=\"https:\/\/www.tba-berlin.de\" target=\"_blank\" rel=\"noopener\">TBA-Berlin.de<\/a><\/p>\t\t\t\t\t\t\t\t<\/div>\n\t\t\t\t<\/div>\n\t\t\t\t<\/div>\n\t\t\t\t<\/div>\n\t\t","protected":false},"excerpt":{"rendered":"<p>Impressum Hinweis: Dies\u00a0ist keine Kontaktseite! Unser Projekt wurde Ende 2025 beendet. Wir bieten leider keine Beratung mehr an.\u00a0 Eine Erkl\u00e4rung gibt es hier. Rechtliche Informationen Diese Website repr\u00e4sentiert das Projekt Lotse, welches von folgenden Tr\u00e4gern umgesetzt wurde: Herausgeber aktion weitblick \u2013 betreutes wohnen \u2013 gGmbH vertreten durchGabriela B\u00e4umker Markelstra\u00dfe 24a12163 Berlin Kontakt Tel.: 030-700 96 [&hellip;]<\/p>\n","protected":false},"author":10024,"featured_media":0,"parent":0,"menu_order":0,"comment_status":"closed","ping_status":"closed","template":"","meta":{"_acf_changed":false,"footnotes":""},"categories":[26],"tags":[],"class_list":["post-655","page","type-page","status-publish","hentry","category-layout_info"],"acf":[],"_links":{"self":[{"href":"https:\/\/lotse-berlin.de\/de-ls\/wp-json\/wp\/v2\/pages\/655","targetHints":{"allow":["GET"]}}],"collection":[{"href":"https:\/\/lotse-berlin.de\/de-ls\/wp-json\/wp\/v2\/pages"}],"about":[{"href":"https:\/\/lotse-berlin.de\/de-ls\/wp-json\/wp\/v2\/types\/page"}],"author":[{"embeddable":true,"href":"https:\/\/lotse-berlin.de\/de-ls\/wp-json\/wp\/v2\/users\/10024"}],"replies":[{"embeddable":true,"href":"https:\/\/lotse-berlin.de\/de-ls\/wp-json\/wp\/v2\/comments?post=655"}],"version-history":[{"count":5,"href":"https:\/\/lotse-berlin.de\/de-ls\/wp-json\/wp\/v2\/pages\/655\/revisions"}],"predecessor-version":[{"id":1996,"href":"https:\/\/lotse-berlin.de\/de-ls\/wp-json\/wp\/v2\/pages\/655\/revisions\/1996"}],"wp:attachment":[{"href":"https:\/\/lotse-berlin.de\/de-ls\/wp-json\/wp\/v2\/media?parent=655"}],"wp:term":[{"taxonomy":"category","embeddable":true,"href":"https:\/\/lotse-berlin.de\/de-ls\/wp-json\/wp\/v2\/categories?post=655"},{"taxonomy":"post_tag","embeddable":true,"href":"https:\/\/lotse-berlin.de\/de-ls\/wp-json\/wp\/v2\/tags?post=655"}],"curies":[{"name":"wp","href":"https:\/\/api.w.org\/{rel}","templated":true}]}}