{"id":651,"date":"2021-12-20T18:53:14","date_gmt":"2021-12-20T17:53:14","guid":{"rendered":"https:\/\/lotse-berlin.de\/?page_id=651"},"modified":"2025-01-28T21:00:49","modified_gmt":"2025-01-28T20:00:49","slug":"datenschutz","status":"publish","type":"page","link":"https:\/\/lotse-berlin.de\/de-ls\/datenschutz\/","title":{"rendered":"Datenschutz"},"content":{"rendered":"\t\t<div data-elementor-type=\"wp-page\" data-elementor-id=\"651\" class=\"elementor elementor-651 elementor-22\" data-elementor-post-type=\"page\">\n\t\t\t\t\t\t<section class=\"elementor-section elementor-top-section elementor-element elementor-element-9f2c522 elementor-section-boxed elementor-section-height-default elementor-section-height-default\" data-id=\"9f2c522\" data-element_type=\"section\" data-e-type=\"section\">\n\t\t\t\t\t\t<div class=\"elementor-container elementor-column-gap-default\">\n\t\t\t\t\t<div class=\"elementor-column elementor-col-100 elementor-top-column elementor-element elementor-element-aafc763\" data-id=\"aafc763\" data-element_type=\"column\" data-e-type=\"column\">\n\t\t\t<div class=\"elementor-widget-wrap elementor-element-populated\">\n\t\t\t\t\t\t<div class=\"elementor-element elementor-element-53c7953 elementor-widget elementor-widget-text-editor\" data-id=\"53c7953\" data-element_type=\"widget\" data-e-type=\"widget\" data-widget_type=\"text-editor.default\">\n\t\t\t\t<div class=\"elementor-widget-container\">\n\t\t\t\t\t\t\t\t\t<p><strong>Datenschutz leicht erkl\u00e4rt:<\/strong><\/p><ol><li><strong>Was sind pers\u00f6nliche Daten?<\/strong><br \/>Das sind Informationen \u00fcber dich, wie dein Name, deine Adresse oder deine E-Mail.<\/li><li><strong>Wer sammelt die Daten?<\/strong><br \/>Der Betreiber der Website. Seine Kontaktdaten findest du in der Datenschutzerkl\u00e4rung.<\/li><li><strong>Wie werden Daten gesammelt?<\/strong><\/li><\/ol><ul><li>Wenn du ein Formular ausf\u00fcllst.<\/li><li>Automatisch, z. B. dein Browser oder die Uhrzeit des Seitenbesuchs.<\/li><\/ul><ol start=\"4\"><li><strong>Wozu brauchen wir die Daten?<\/strong><\/li><\/ol><ul><li>Um die Website fehlerfrei zu zeigen.<\/li><li>F\u00fcr Statistiken und Verbesserungen.<\/li><\/ul><ol start=\"5\"><li><strong>Welche Rechte hast du?<\/strong><\/li><\/ol><ul><li>Du kannst fragen, welche Daten \u00fcber dich gespeichert sind.<\/li><li>Du kannst falsche Daten korrigieren oder l\u00f6schen lassen.<\/li><li>Du kannst deine Zustimmung zur Datennutzung zur\u00fccknehmen.<\/li><\/ul><ol start=\"6\"><li><strong>Wer speichert die Daten?<\/strong><br \/>Die Daten liegen bei sicheren Partnern wie DomainFactory oder BunnyCDN.<\/li><li><strong>Was sind Cookies?<\/strong><br \/>Das sind kleine Dateien, die auf deinem Ger\u00e4t gespeichert werden. Sie helfen der Website, besser zu funktionieren.<\/li><li><strong>Ist alles sicher?<\/strong><br \/>Die Website hat Schutzma\u00dfnahmen, aber 100 % Sicherheit im Internet gibt es nicht.<\/li><\/ol><p><strong>Ich will alles ganz genau wissen?<\/strong><\/p><p>Wenn du mehr wissen willst, kannst du die vollst\u00e4ndige Datenschutz-Erkl\u00e4rung auf der Website lesen.<\/p><p>Dazu lese diese Seite einfach in &#8220;Alltagssprache&#8221; (Der Umschalter ist oben auf dieser Seite).<\/p><p>\u00a0<\/p><p>Oder frage unseren Ansprech-Partner:<\/p><p><strong>Gerd-J\u00fcrgen Golze<\/strong><\/p><p><a>info@datenschutzbeauftragter-berlin.com<\/a><\/p><p>Telefon: <a href=\"tel:+490302091204320662011\">030 &#8211; 91 43 66 11<\/a><\/p>\t\t\t\t\t\t\t\t<\/div>\n\t\t\t\t<\/div>\n\t\t\t\t\t<\/div>\n\t\t<\/div>\n\t\t\t\t\t<\/div>\n\t\t<\/section>\n\t\t\t\t<\/div>\n\t\t","protected":false},"excerpt":{"rendered":"<p>Datenschutz leicht erkl\u00e4rt: Was sind pers\u00f6nliche Daten? Das sind Informationen \u00fcber dich, wie dein Name, deine Adresse oder deine E-Mail. Wer sammelt die Daten? Der Betreiber der Website. Seine Kontaktdaten findest du in der Datenschutzerkl\u00e4rung. Wie werden Daten gesammelt? Wenn du ein Formular ausf\u00fcllst. Automatisch, z. B. dein Browser oder die Uhrzeit des Seitenbesuchs. Wozu [&hellip;]<\/p>\n","protected":false},"author":10024,"featured_media":0,"parent":0,"menu_order":0,"comment_status":"closed","ping_status":"closed","template":"","meta":{"_acf_changed":false,"footnotes":""},"categories":[30,1,26],"tags":[],"class_list":["post-651","page","type-page","status-publish","hentry","category-layout_forms_ls-de-ls","category-layout_info"],"acf":[],"_links":{"self":[{"href":"https:\/\/lotse-berlin.de\/de-ls\/wp-json\/wp\/v2\/pages\/651","targetHints":{"allow":["GET"]}}],"collection":[{"href":"https:\/\/lotse-berlin.de\/de-ls\/wp-json\/wp\/v2\/pages"}],"about":[{"href":"https:\/\/lotse-berlin.de\/de-ls\/wp-json\/wp\/v2\/types\/page"}],"author":[{"embeddable":true,"href":"https:\/\/lotse-berlin.de\/de-ls\/wp-json\/wp\/v2\/users\/10024"}],"replies":[{"embeddable":true,"href":"https:\/\/lotse-berlin.de\/de-ls\/wp-json\/wp\/v2\/comments?post=651"}],"version-history":[{"count":0,"href":"https:\/\/lotse-berlin.de\/de-ls\/wp-json\/wp\/v2\/pages\/651\/revisions"}],"wp:attachment":[{"href":"https:\/\/lotse-berlin.de\/de-ls\/wp-json\/wp\/v2\/media?parent=651"}],"wp:term":[{"taxonomy":"category","embeddable":true,"href":"https:\/\/lotse-berlin.de\/de-ls\/wp-json\/wp\/v2\/categories?post=651"},{"taxonomy":"post_tag","embeddable":true,"href":"https:\/\/lotse-berlin.de\/de-ls\/wp-json\/wp\/v2\/tags?post=651"}],"curies":[{"name":"wp","href":"https:\/\/api.w.org\/{rel}","templated":true}]}}