{"id":616,"date":"2024-12-17T18:23:00","date_gmt":"2024-12-17T17:23:00","guid":{"rendered":"https:\/\/lotse-berlin.de\/?page_id=616"},"modified":"2025-10-02T21:59:19","modified_gmt":"2025-10-02T19:59:19","slug":"uber-uns","status":"publish","type":"page","link":"https:\/\/lotse-berlin.de\/de-ls\/uber-uns\/","title":{"rendered":"\u00dcber uns"},"content":{"rendered":"\t\t<div data-elementor-type=\"wp-page\" data-elementor-id=\"616\" class=\"elementor elementor-616 elementor-107\" data-elementor-post-type=\"page\">\n\t\t\t\t<div class=\"elementor-element elementor-element-3de3ff7 e-con-full e-flex e-con e-child\" data-id=\"3de3ff7\" data-element_type=\"container\" data-e-type=\"container\">\n\t\t\t\t<div class=\"elementor-element elementor-element-e4d25ef elementor-widget elementor-widget-heading\" data-id=\"e4d25ef\" data-element_type=\"widget\" data-e-type=\"widget\" data-widget_type=\"heading.default\">\n\t\t\t\t<div class=\"elementor-widget-container\">\n\t\t\t\t\t<h1 class=\"elementor-heading-title elementor-size-default\">Unser Projekt<\/h1>\t\t\t\t<\/div>\n\t\t\t\t<\/div>\n\t\t\t\t<div class=\"elementor-element elementor-element-9966eb5 elementor-widget elementor-widget-heading\" data-id=\"9966eb5\" data-element_type=\"widget\" data-e-type=\"widget\" data-widget_type=\"heading.default\">\n\t\t\t\t<div class=\"elementor-widget-container\">\n\t\t\t\t\t<h2 class=\"elementor-heading-title elementor-size-default\">\u00dcber uns<\/h2>\t\t\t\t<\/div>\n\t\t\t\t<\/div>\n\t\t\t\t<div class=\"elementor-element elementor-element-59a6a7b elementor-widget elementor-widget-text-editor\" data-id=\"59a6a7b\" data-element_type=\"widget\" data-e-type=\"widget\" data-widget_type=\"text-editor.default\">\n\t\t\t\t<div class=\"elementor-widget-container\">\n\t\t\t\t\t\t\t\t\t<p>Lotse Berlin ist eine unabh\u00e4ngige Beratungs-Stelle.<br \/>Das Projekt wurde im Oktober 1997 gegr\u00fcndet.<\/p><p>Die Berliner Senats-Verwaltung f\u00fcr Gesundheit und Soziales hat die Gr\u00fcndung von Lotse Berlin unterst\u00fctzt.<\/p>\t\t\t\t\t\t\t\t<\/div>\n\t\t\t\t<\/div>\n\t\t<div class=\"elementor-element elementor-element-ff3c78a e-con-full e-flex e-con e-child\" data-id=\"ff3c78a\" data-element_type=\"container\" data-e-type=\"container\">\n\t\t\t\t<div class=\"elementor-element elementor-element-c415dfd elementor-widget elementor-widget-heading\" data-id=\"c415dfd\" data-element_type=\"widget\" data-e-type=\"widget\" data-widget_type=\"heading.default\">\n\t\t\t\t<div class=\"elementor-widget-container\">\n\t\t\t\t\t<h2 class=\"elementor-heading-title elementor-size-default\">Zusammen-Arbeit<\/h2>\t\t\t\t<\/div>\n\t\t\t\t<\/div>\n\t\t<div class=\"elementor-element elementor-element-e972117 e-con-full e-flex e-con e-child\" data-id=\"e972117\" data-element_type=\"container\" data-e-type=\"container\" data-settings=\"{&quot;background_background&quot;:&quot;classic&quot;}\">\n\t\t\t\t<div class=\"elementor-element elementor-element-59b5bbf elementor-widget elementor-widget-text-editor\" data-id=\"59b5bbf\" data-element_type=\"widget\" data-e-type=\"widget\" data-widget_type=\"text-editor.default\">\n\t\t\t\t<div class=\"elementor-widget-container\">\n\t\t\t\t\t\t\t\t\tWir arbeiten seit vielen Jahren zusammen mit:\n<ul>\n \t<li>Leistungs-Erbringern im betreuten Wohnen,<\/li>\n \t<li>Teilhabe-Fach-Diensten,<\/li>\n \t<li>Beratungs-Stellen,<\/li>\n \t<li>Fach-Gruppen aus den Berliner Bezirken.<\/li>\n<\/ul>\nDie Berliner Leistungs-Erbringer im betreuten Wohnen\nschicken uns regelm\u00e4\u00dfig ihre Wohn-Angebote.\nWir vermitteln diese Angebote\ndann an Menschen mit Behinderungen.\nDiese Vermittlung ist einzigartig in Berlin.\n\n\nWir wollen Menschen mit Behinderungen\nbei ihrer Suche nach einer betreuten Wohn-Form\ngut beraten und begleiten.\n\nDas tun wir f\u00fcr eine gute Qualit\u00e4t unserer Arbeit:\n<ul>\n \t<li>Weiter-Bildungen f\u00fcr unsere Mitarbeiter*innen<\/li>\n \t<li>\u00dcberpr\u00fcfung unserer Arbeitsweise,\nzum Beispiel durch die R\u00fcckmeldungen der Rat-Suchenden<\/li>\n \t<li>regelm\u00e4\u00dfiger Austausch mit dem Projekt-Beirat,\nden Vertreter*innen*innen der Eingliederungs-Hilfe und dem Senat.<\/li>\n<\/ul>\t\t\t\t\t\t\t\t<\/div>\n\t\t\t\t<\/div>\n\t\t\t\t<\/div>\n\t\t\t\t<\/div>\n\t\t<div class=\"elementor-element elementor-element-ef7f362 e-con-full e-flex e-con e-child\" data-id=\"ef7f362\" data-element_type=\"container\" data-e-type=\"container\">\n\t\t\t\t<div class=\"elementor-element elementor-element-c39771a elementor-widget elementor-widget-heading\" data-id=\"c39771a\" data-element_type=\"widget\" data-e-type=\"widget\" data-widget_type=\"heading.default\">\n\t\t\t\t<div class=\"elementor-widget-container\">\n\t\t\t\t\t<h2 class=\"elementor-heading-title elementor-size-default\">Projekt-Beirat<\/h2>\t\t\t\t<\/div>\n\t\t\t\t<\/div>\n\t\t<div class=\"elementor-element elementor-element-b839ce2 e-con-full e-flex e-con e-child\" data-id=\"b839ce2\" data-element_type=\"container\" data-e-type=\"container\" data-settings=\"{&quot;background_background&quot;:&quot;classic&quot;}\">\n\t\t\t\t<div class=\"elementor-element elementor-element-c5b6c1b elementor-widget elementor-widget-text-editor\" data-id=\"c5b6c1b\" data-element_type=\"widget\" data-e-type=\"widget\" data-widget_type=\"text-editor.default\">\n\t\t\t\t<div class=\"elementor-widget-container\">\n\t\t\t\t\t\t\t\t\t<p>Der Projekt-Beirat begleitet die Arbeit von Lotse Berlin<br \/>und wertet unsere Sach-Berichte aus.<br \/>Der Projekt-Beirat trifft sich 2 bis 3 Mal im Jahr<br \/>und besteht aus Vertreter*innen von:<\/p><ul><li>Lotse Berlin,<\/li><li>Senats-Verwaltung f\u00fcr Gesundheit und Soziales,<\/li><li>Leistungs-Erbringern im betreuten Wohnen,<\/li><li>den 3 Wohlfahrts-Verb\u00e4nden Arbeiter-Wohlfahrt,<br \/>Diakonie-Werk und Parit\u00e4tischer Berlin.<\/li><\/ul><p>In Zukunft werden auch Menschen mit Behinderungen<br \/>als Expert*innen im Beirat mitwirken.<\/p>\t\t\t\t\t\t\t\t<\/div>\n\t\t\t\t<\/div>\n\t\t\t\t<\/div>\n\t\t\t\t<\/div>\n\t\t<div class=\"elementor-element elementor-element-8318285 e-con-full e-flex e-con e-child\" data-id=\"8318285\" data-element_type=\"container\" data-e-type=\"container\">\n\t\t\t\t<div class=\"elementor-element elementor-element-afac05b elementor-widget elementor-widget-heading\" data-id=\"afac05b\" data-element_type=\"widget\" data-e-type=\"widget\" data-widget_type=\"heading.default\">\n\t\t\t\t<div class=\"elementor-widget-container\">\n\t\t\t\t\t<h2 class=\"elementor-heading-title elementor-size-default\">Finanzierung<\/h2>\t\t\t\t<\/div>\n\t\t\t\t<\/div>\n\t\t<div class=\"elementor-element elementor-element-5f4bdd9 e-con-full e-flex e-con e-child\" data-id=\"5f4bdd9\" data-element_type=\"container\" data-e-type=\"container\" data-settings=\"{&quot;background_background&quot;:&quot;classic&quot;}\">\n\t\t\t\t<div class=\"elementor-element elementor-element-93ae4c3 elementor-widget elementor-widget-text-editor\" data-id=\"93ae4c3\" data-element_type=\"widget\" data-e-type=\"widget\" data-widget_type=\"text-editor.default\">\n\t\t\t\t<div class=\"elementor-widget-container\">\n\t\t\t\t\t\t\t\t\t<p>Diese 3 Berliner Leistungs-Erbringer organisieren Lotse Berlin:<\/p><ul><li>aktion weitblick \u2013 betreutes wohnen<\/li><li>F\u00fcrst Donnersmarck-Stiftung zu Berlin<\/li><li>Lebenshilfe Berlin<\/li><\/ul><p>Lotse Berlin bekommt Geld von den 3 Leistungs-Erbringern und vom <strong>I<\/strong>ntegrierten <strong>S<\/strong>ozial-<strong>P<\/strong>rogramm des Landes Berlin, kurz <strong>ISP<\/strong>.<\/p>\t\t\t\t\t\t\t\t<\/div>\n\t\t\t\t<\/div>\n\t\t\t\t<\/div>\n\t\t\t\t<\/div>\n\t\t<div class=\"elementor-element elementor-element-7ea2397 e-con-full e-flex e-con e-child\" data-id=\"7ea2397\" data-element_type=\"container\" data-e-type=\"container\">\n\t\t\t\t<div class=\"elementor-element elementor-element-3c6df73 elementor-widget elementor-widget-heading\" data-id=\"3c6df73\" data-element_type=\"widget\" data-e-type=\"widget\" data-widget_type=\"heading.default\">\n\t\t\t\t<div class=\"elementor-widget-container\">\n\t\t\t\t\t<h2 class=\"elementor-heading-title elementor-size-default\">Sach-Berichte<\/h2>\t\t\t\t<\/div>\n\t\t\t\t<\/div>\n\t\t<div class=\"elementor-element elementor-element-7e70b29 e-con-full e-flex e-con e-child\" data-id=\"7e70b29\" data-element_type=\"container\" data-e-type=\"container\" data-settings=\"{&quot;background_background&quot;:&quot;classic&quot;}\">\n\t\t\t\t<div class=\"elementor-element elementor-element-a480c8b elementor-widget elementor-widget-text-editor\" data-id=\"a480c8b\" data-element_type=\"widget\" data-e-type=\"widget\" data-widget_type=\"text-editor.default\">\n\t\t\t\t<div class=\"elementor-widget-container\">\n\t\t\t\t\t\t\t\t\t<p>Offenheit \u00fcber unsere Arbeit ist uns sehr wichtig.<br \/>Deshalb ver\u00f6ffentlichen wir einmal im Jahr einen Sach-Bericht.<br \/>Im Sach-Bericht steht zum Beispiel:<\/p><ul><li>Wie viele Wohn-Angebote haben wir vermittelt?<\/li><li>Wo brauchen Menschen mit Behinderungen mehr Unterst\u00fctzung?<\/li><li>Was k\u00f6nnen wir in Zukunft noch besser machen?<\/li><\/ul>\t\t\t\t\t\t\t\t<\/div>\n\t\t\t\t<\/div>\n\t\t\t\t<div class=\"elementor-element elementor-element-b452407 elementor-mobile-align-center elementor-widget elementor-widget-button\" data-id=\"b452407\" data-element_type=\"widget\" data-e-type=\"widget\" data-widget_type=\"button.default\">\n\t\t\t\t<div class=\"elementor-widget-container\">\n\t\t\t\t\t\t\t\t\t<div class=\"elementor-button-wrapper\">\n\t\t\t\t\t<a class=\"elementor-button elementor-button-link elementor-size-sm\" href=\"https:\/\/lotse-berlin.de\/unsere-sachberichte\/\">\n\t\t\t\t\t\t<span class=\"elementor-button-content-wrapper\">\n\t\t\t\t\t\t\t\t\t<span class=\"elementor-button-text\">Unsere Sachberichte lesen \u2026<\/span>\n\t\t\t\t\t<\/span>\n\t\t\t\t\t<\/a>\n\t\t\t\t<\/div>\n\t\t\t\t\t\t\t\t<\/div>\n\t\t\t\t<\/div>\n\t\t\t\t<div class=\"elementor-element elementor-element-edde064 elementor-widget elementor-widget-text-editor\" data-id=\"edde064\" data-element_type=\"widget\" data-e-type=\"widget\" data-widget_type=\"text-editor.default\">\n\t\t\t\t<div class=\"elementor-widget-container\">\n\t\t\t\t\t\t\t\t\t<p>Die Sach-Berichte sind nicht in Leichter Sprache.<\/p>\t\t\t\t\t\t\t\t<\/div>\n\t\t\t\t<\/div>\n\t\t\t\t<\/div>\n\t\t\t\t<\/div>\n\t\t\t\t<\/div>\n\t\t\t\t<\/div>\n\t\t","protected":false},"excerpt":{"rendered":"<p>Unser Projekt \u00dcber uns Lotse Berlin ist eine unabh\u00e4ngige Beratungs-Stelle.Das Projekt wurde im Oktober 1997 gegr\u00fcndet. Die Berliner Senats-Verwaltung f\u00fcr Gesundheit und Soziales hat die Gr\u00fcndung von Lotse Berlin unterst\u00fctzt. Zusammen-Arbeit Wir arbeiten seit vielen Jahren zusammen mit: Leistungs-Erbringern im betreuten Wohnen, Teilhabe-Fach-Diensten, Beratungs-Stellen, Fach-Gruppen aus den Berliner Bezirken. Die Berliner Leistungs-Erbringer im betreuten Wohnen [&hellip;]<\/p>\n","protected":false},"author":10024,"featured_media":548,"parent":0,"menu_order":0,"comment_status":"closed","ping_status":"closed","template":"","meta":{"_acf_changed":false,"footnotes":""},"categories":[26],"tags":[],"class_list":["post-616","page","type-page","status-publish","has-post-thumbnail","hentry","category-layout_info"],"acf":[],"_links":{"self":[{"href":"https:\/\/lotse-berlin.de\/de-ls\/wp-json\/wp\/v2\/pages\/616","targetHints":{"allow":["GET"]}}],"collection":[{"href":"https:\/\/lotse-berlin.de\/de-ls\/wp-json\/wp\/v2\/pages"}],"about":[{"href":"https:\/\/lotse-berlin.de\/de-ls\/wp-json\/wp\/v2\/types\/page"}],"author":[{"embeddable":true,"href":"https:\/\/lotse-berlin.de\/de-ls\/wp-json\/wp\/v2\/users\/10024"}],"replies":[{"embeddable":true,"href":"https:\/\/lotse-berlin.de\/de-ls\/wp-json\/wp\/v2\/comments?post=616"}],"version-history":[{"count":0,"href":"https:\/\/lotse-berlin.de\/de-ls\/wp-json\/wp\/v2\/pages\/616\/revisions"}],"wp:featuredmedia":[{"embeddable":true,"href":"https:\/\/lotse-berlin.de\/de-ls\/wp-json\/wp\/v2\/media\/548"}],"wp:attachment":[{"href":"https:\/\/lotse-berlin.de\/de-ls\/wp-json\/wp\/v2\/media?parent=616"}],"wp:term":[{"taxonomy":"category","embeddable":true,"href":"https:\/\/lotse-berlin.de\/de-ls\/wp-json\/wp\/v2\/categories?post=616"},{"taxonomy":"post_tag","embeddable":true,"href":"https:\/\/lotse-berlin.de\/de-ls\/wp-json\/wp\/v2\/tags?post=616"}],"curies":[{"name":"wp","href":"https:\/\/api.w.org\/{rel}","templated":true}]}}